{"id":17387,"date":"2025-11-06T19:32:30","date_gmt":"2025-11-06T12:32:30","guid":{"rendered":"https:\/\/sabay.vn\/e-learning\/?page_id=17387"},"modified":"2025-11-06T19:33:49","modified_gmt":"2025-11-06T12:33:49","slug":"login-page","status":"publish","type":"page","link":"https:\/\/sabay.vn\/e-learning\/login-page\/","title":{"rendered":"Login Page"},"content":{"rendered":"\n<div class=\"tutor-wrap tutor-page-wrap post-17387 page type-page status-publish hentry\">\n\t<div class=\"tutor-template-segment tutor-login-wrap\">\n\t\t<div class=\"tutor-login-form-wrapper\">\n\t\t\t<div class=\"tutor-fs-5 tutor-color-black tutor-mb-32\">\n\t\t\t\tXin ch\u00e0o, Ch\u00e0o m\u1eebng tr\u1edf l\u1ea1i!\t\t\t<\/div>\n\t\t\t<form id=\"tutor-login-form\" method=\"post\">\n\t\t<input type=\"hidden\" id=\"_tutor_nonce\" name=\"_tutor_nonce\" value=\"17cf92d810\" \/><input type=\"hidden\" name=\"_wp_http_referer\" value=\"\/e-learning\/wp-json\/wp\/v2\/pages\/17387\" \/>\t<input type=\"hidden\" name=\"tutor_action\" value=\"tutor_user_login\" \/>\n\t<input type=\"hidden\" name=\"redirect_to\" value=\"https:\/\/sabay.vn\/e-learning\/dashboard\/\" \/>\n\n\t<div class=\"tutor-mb-20\">\n\t\t<input type=\"text\" class=\"tutor-form-control\" placeholder=\"T\u00ean \u0111\u0103ng nh\u1eadp \/ Email\" name=\"log\" value=\"\" size=\"20\" required\/>\n\t<\/div>\n\n\t<div class=\"tutor-mb-32\">\n\t\t<input type=\"password\" class=\"tutor-form-control\" placeholder=\"M\u1eadt kh\u1ea9u\" name=\"pwd\" value=\"\" size=\"20\" required\/>\n\t<\/div>\n\n\t<div class=\"tutor-login-error\"><\/div>\n\t\t\t<input type=\"hidden\" name=\"timezone\" value=\"+07:00\" \/>\n\t\t<script>\n\t\t\tdocument.addEventListener('DOMContentLoaded', function() {\n\t\t\t\tconst timezone = document.querySelector('input[name=\"timezone\"]');\n\t\t\t\tif ( timezone) {\n\t\t\t\t\tconst tz = Intl.DateTimeFormat().resolvedOptions().timeZone;\n\t\t\t\t\ttimezone.value = tz\n\t\t\t\t}\n\t\t\t});\n\t\t<\/script>\n\t\t\t\t\t<script src=\"https:\/\/www.google.com\/recaptcha\/api.js?render=6LcR5QIsAAAAANjZCD2sYgUnLFx11WHkbDj3f7R6\"><\/script>\n\t\t\t\n\t\t\t<input type=\"hidden\" id=\"recaptcha_token\" name=\"recaptcha_token\">\n\t\t\t<script>\n\t\t\t\tgrecaptcha.ready(function() {\n\t\t\t\t\tgrecaptcha.execute('6LcR5QIsAAAAANjZCD2sYgUnLFx11WHkbDj3f7R6', {action: 'form_submit'}).then(function(token) {\n\t\t\t\t\t\tdocument.getElementById('recaptcha_token').value = token;\n\t\t\t\t\t});\n\t\t\t\t});\n\t\t\t<\/script>\n\t\t\t<input type=\"text\" name=\"vietshield_hp\" value=\"\" style=\"display:none !important; visibility:hidden !important;\" tabindex=\"-1\" autocomplete=\"off\"><input type=\"hidden\" id=\"vietshield_login_nonce\" name=\"vietshield_login_nonce\" value=\"7c60a3651c\" \/><input type=\"hidden\" name=\"_wp_http_referer\" value=\"\/e-learning\/wp-json\/wp\/v2\/pages\/17387\" \/>\t<div class=\"tutor-d-flex tutor-justify-between tutor-align-center tutor-mb-40\">\n\t\t<div class=\"tutor-form-check\">\n\t\t\t<input id=\"tutor-login-agmnt-1\" type=\"checkbox\" class=\"tutor-form-check-input tutor-bg-black-40\" name=\"rememberme\" value=\"forever\" \/>\n\t\t\t<label for=\"tutor-login-agmnt-1\" class=\"tutor-fs-7 tutor-color-muted\">\n\t\t\t\tL\u01b0u \u0111\u0103ng nh\u1eadp\t\t\t<\/label>\n\t\t<\/div>\n\t\t<a href=\"https:\/\/sabay.vn\/e-learning\/dashboard\/retrieve-password\" class=\"tutor-btn tutor-btn-ghost\">\n\t\t\tQu\u00ean m\u1eadt kh\u1ea9u?\t\t<\/a>\n\t<\/div>\n\n\t\t<button type=\"submit\" class=\"tutor-btn tutor-btn-primary tutor-btn-block\">\n\t\t\u0110\u0103ng nh\u1eadp\t<\/button>\n\t\n\t\t\t\t\t<div class=\"tutor-text-center tutor-fs-6 tutor-color-secondary tutor-mt-20\">\n\t\t\tCh\u01b0a c\u00f3 t\u00e0i kho\u1ea3n?&nbsp;\n\t\t\t<a href=\"https:\/\/sabay.vn\/e-learning\/student-registration\/?redirect_to=https:\/\/sabay.vn\/e-learning\/wp-json\/wp\/v2\/pages\/17387\" class=\"tutor-btn tutor-btn-link\">\n\t\t\t\t\u0110\u0103ng K\u00fd Ngay\t\t\t<\/a>\n\t\t<\/div>\n\t\t<\/form>\n<script>\n\tdocument.addEventListener('DOMContentLoaded', function() {\n\t\tvar { __ } = wp.i18n;\n\t\tvar loginModal = document.querySelector('.tutor-modal.tutor-login-modal');\n\t\tvar errors = [];\n\t\tif (loginModal && errors.length) {\n\t\t\tloginModal.classList.add('tutor-is-active');\n\t\t}\n\t});\n<\/script>\n\t\t\t\t\t<\/div>\n\t\t\t\t<style>\n\t\t\t#tutor-pro-twitter-login {\n\t\t\t\twidth: 400px; background-color: #00acee; border-color: #00acee; font-weight: bold;\n\t\t\t}\n\t\t<\/style>\n\t\t<div id=\"tutor-pro-social-authentication\" class=\"tutor-pt-24 tutor-d-flex tutor-flex-column tutor-align-center tutor-border-top-light\" style=\"gap: 10px;\">\n\t\t\t\t\t\t\t\t<div class=\"tutor-d-flex tutor-justify-center\" id=\"tutor-pro-google-authentication\">\n\t\t\t\t\t\t\n\t\t\t\t\t\t\t\t\t\t\t<\/div>\n\t\t\t\t\t\t\t\t\t\t<div class=\"tutor-d-flex tutor-justify-center\" id=\"tutor-pro-facebook-authentication\">\n\t\t\t\t\t\t\t\t\t\t\t\t\t<div class=\"fb-login-button\" data-width=\"400px\" data-size=\"large\" data-button-type=\"\" data-layout=\"\" data-auto-logout-link=\"false\" data-use-continue-as=\"true\" scope=\"public_profile,email\" show-faces=\"false\" onlogin=\"checkLoginState();\"><\/div>\n\t\t\t\t\t\t\n\t\t\t\t\t\t\t\t\t\t\t<\/div>\n\t\t\t\t\t\t\t<\/div>\n\t\t\t<\/div>\n<\/div>\n\n","protected":false},"excerpt":{"rendered":"","protected":false},"author":2,"featured_media":0,"parent":0,"menu_order":0,"comment_status":"closed","ping_status":"closed","template":"","meta":{"inline_featured_image":false,"footnotes":""},"class_list":["post-17387","page","type-page","status-publish","hentry"],"_links":{"self":[{"href":"https:\/\/sabay.vn\/e-learning\/wp-json\/wp\/v2\/pages\/17387","targetHints":{"allow":["GET"]}}],"collection":[{"href":"https:\/\/sabay.vn\/e-learning\/wp-json\/wp\/v2\/pages"}],"about":[{"href":"https:\/\/sabay.vn\/e-learning\/wp-json\/wp\/v2\/types\/page"}],"author":[{"embeddable":true,"href":"https:\/\/sabay.vn\/e-learning\/wp-json\/wp\/v2\/users\/2"}],"replies":[{"embeddable":true,"href":"https:\/\/sabay.vn\/e-learning\/wp-json\/wp\/v2\/comments?post=17387"}],"version-history":[{"count":0,"href":"https:\/\/sabay.vn\/e-learning\/wp-json\/wp\/v2\/pages\/17387\/revisions"}],"wp:attachment":[{"href":"https:\/\/sabay.vn\/e-learning\/wp-json\/wp\/v2\/media?parent=17387"}],"curies":[{"name":"wp","href":"https:\/\/api.w.org\/{rel}","templated":true}]}}