{"id":1782,"date":"2025-11-04T16:27:35","date_gmt":"2025-11-04T09:27:35","guid":{"rendered":"https:\/\/sabay.vn\/e-learning\/dashboard\/"},"modified":"2025-11-05T20:09:47","modified_gmt":"2025-11-05T13:09:47","slug":"dashboard","status":"publish","type":"page","link":"https:\/\/sabay.vn\/e-learning\/dashboard\/","title":{"rendered":"Dashboard"},"content":{"rendered":"Vui l\u00f2ng <a data-login_url=\"\" href=\"#\" class=\"tutor-open-login-modal\">\u0110\u0103ng nh\u1eadp<\/a> \u0111\u1ec3 xem trang n\u00e0y","protected":false},"excerpt":{"rendered":"<p>Vui l\u00f2ng \u0110\u0103ng nh\u1eadp \u0111\u1ec3 xem trang n\u00e0y<\/p>\n","protected":false},"author":2,"featured_media":0,"parent":0,"menu_order":0,"comment_status":"closed","ping_status":"closed","template":"","meta":{"inline_featured_image":false,"footnotes":""},"class_list":["post-1782","page","type-page","status-publish","hentry"],"_links":{"self":[{"href":"https:\/\/sabay.vn\/e-learning\/wp-json\/wp\/v2\/pages\/1782","targetHints":{"allow":["GET"]}}],"collection":[{"href":"https:\/\/sabay.vn\/e-learning\/wp-json\/wp\/v2\/pages"}],"about":[{"href":"https:\/\/sabay.vn\/e-learning\/wp-json\/wp\/v2\/types\/page"}],"author":[{"embeddable":true,"href":"https:\/\/sabay.vn\/e-learning\/wp-json\/wp\/v2\/users\/2"}],"replies":[{"embeddable":true,"href":"https:\/\/sabay.vn\/e-learning\/wp-json\/wp\/v2\/comments?post=1782"}],"version-history":[{"count":0,"href":"https:\/\/sabay.vn\/e-learning\/wp-json\/wp\/v2\/pages\/1782\/revisions"}],"wp:attachment":[{"href":"https:\/\/sabay.vn\/e-learning\/wp-json\/wp\/v2\/media?parent=1782"}],"curies":[{"name":"wp","href":"https:\/\/api.w.org\/{rel}","templated":true}]}}