{"id":24,"date":"2023-05-09T12:27:13","date_gmt":"2023-05-09T05:27:13","guid":{"rendered":"http:\/\/webkhoahoc.giaodienwebmau.com\/?page_id=24"},"modified":"2025-11-05T14:34:06","modified_gmt":"2025-11-05T07:34:06","slug":"lien-he","status":"publish","type":"page","link":"https:\/\/sabay.vn\/e-learning\/lien-he\/","title":{"rendered":"Li\u00ean h\u1ec7"},"content":{"rendered":"\n\t<section class=\"section lien-he-1 dark\" id=\"section_1484537480\">\n\t\t<div class=\"section-bg fill\" >\n\t\t\t<img loading=\"lazy\" decoding=\"async\" width=\"1920\" height=\"244\" src=\"https:\/\/sabay.vn\/e-learning\/wp-content\/uploads\/2023\/05\/bg-section.jpg\" class=\"bg attachment-original size-original\" alt=\"\" \/>\t\t\t\t\t\t\n\t\t\t\n\n\t\t<\/div>\n\n\t\t\n\n\t\t<div class=\"section-content relative\">\n\t\t\t\n<div class=\"row\"  id=\"row-1790878779\">\n\n\t<div id=\"col-627609832\" class=\"col small-12 large-12\"  >\n\t\t\t\t<div class=\"col-inner text-center\"  >\n\t\t\t\n\t\t\t\n<p style=\"text-align: center;\">\n<h1 style=\"text-align: center;\"><span style=\"font-size: 120%;\">Li\u00ean h\u1ec7 v\u1edbi ch\u00fang t\u00f4i<\/span><\/h1>\n\t\t<\/div>\n\t\t\t\t\t<\/div>\n\n\t\n<\/div>\n\t\t<\/div>\n\n\t\t\n<style>\n#section_1484537480 {\n  padding-top: 45px;\n  padding-bottom: 45px;\n}\n<\/style>\n\t<\/section>\n\t\n\n\t<section class=\"section lien-he-2\" id=\"section_642962066\">\n\t\t<div class=\"section-bg fill\" >\n\t\t\t\t\t\t\t\t\t\n\t\t\t\n\n\t\t<\/div>\n\n\t\t\n\n\t\t<div class=\"section-content relative\">\n\t\t\t\n<div class=\"row\" style=\"max-width:800px\" id=\"row-747642426\">\n\n\t<div id=\"col-1017165009\" class=\"col small-12 large-12\"  >\n\t\t\t\t<div class=\"col-inner text-center\"  >\n\t\t\t\n\t\t\t\n<p><span class=\"nut-lam-gi\">Li\u00ean h\u1ec7 SABAY Group<\/span><\/p>\n\t<div id=\"gap-2141180907\" class=\"gap-element clearfix hide-for-small\" style=\"display:block; height:auto;\">\n\t\t\n<style>\n#gap-2141180907 {\n  padding-top: 10px;\n}\n<\/style>\n\t<\/div>\n\t\n<h2 style=\"text-align: center;\"><span style=\"font-size: 110%;\">T\u00ecm gi\u1ea3i ph\u00e1p ho\u00e0n h\u1ea3o cho doanh nghi\u1ec7p c\u1ee7a b\u1ea1n<\/span><\/h2>\n<p style=\"text-align: center;\">SABAY \u2013 C\u00f4ng ty qu\u1ea3n l\u00fd v\u1eadn h\u00e0nh b\u1ea5t \u0111\u1ed9ng s\u1ea3n cho thu\u00ea h\u00e0ng \u0111\u1ea7u S\u00e2n Bay v\u1edbi c\u00e1c l\u0129nh v\u1ef1c qu\u1ea3n l\u00fd t\u00f2a nh\u00e0 v\u0103n ph\u00f2ng, qu\u1ea3n l\u00fd c\u0103n h\u1ed9, cho thu\u00ea v\u0103n ph\u00f2ng tr\u1ecdn g\u00f3i, v\u0103n ph\u00f2ng \u1ea3o, cho thu\u00ea ph\u00f2ng h\u1ecdp\u2026 B\u00ean c\u1ea1nh \u0111\u00f3 c\u00f2n khai th\u00e1c c\u00e1c d\u1ecbch v\u1ee5 ti\u1ec7n \u00edch, ti\u1ebfp th\u1ecb, t\u01b0 v\u1ea5n, ph\u00e2n ph\u1ed1i b\u1ea5t \u0111\u1ed9ng s\u1ea3n, v\u0103n ph\u00f2ng cho thu\u00ea, c\u0103n h\u1ed9 d\u1ecbch v\u1ee5\u2026<\/p>\n\t<div class=\"img has-hover x md-x lg-x y md-y lg-y\" id=\"image_2144107334\">\n\t\t\t\t\t\t\t\t<div class=\"img-inner dark\" >\n\t\t\t<img loading=\"lazy\" decoding=\"async\" width=\"1172\" height=\"633\" src=\"https:\/\/sabay.vn\/e-learning\/wp-content\/uploads\/2023\/05\/contacts_01-1.jpg\" class=\"attachment-original size-original\" alt=\"\" srcset=\"https:\/\/sabay.vn\/e-learning\/wp-content\/uploads\/2023\/05\/contacts_01-1.jpg 1172w, https:\/\/sabay.vn\/e-learning\/wp-content\/uploads\/2023\/05\/contacts_01-1-510x275.jpg 510w, https:\/\/sabay.vn\/e-learning\/wp-content\/uploads\/2023\/05\/contacts_01-1-300x162.jpg 300w, https:\/\/sabay.vn\/e-learning\/wp-content\/uploads\/2023\/05\/contacts_01-1-1024x553.jpg 1024w, https:\/\/sabay.vn\/e-learning\/wp-content\/uploads\/2023\/05\/contacts_01-1-768x415.jpg 768w\" sizes=\"auto, (max-width: 1172px) 100vw, 1172px\" \/>\t\t\t\t\t\t\n\t\t\t\t\t<\/div>\n\t\t\t\t\t\t\t\t\n<style>\n#image_2144107334 {\n  width: 100%;\n}\n<\/style>\n\t<\/div>\n\t\n\t\t<\/div>\n\t\t\t\t\t<\/div>\n\n\t\n<\/div>\n<div class=\"row\"  id=\"row-202411672\">\n\n\t<div id=\"col-163417205\" class=\"col medium-6 small-12 large-6\"  >\n\t\t\t\t<div class=\"col-inner\"  >\n\t\t\t\n\t\t\t\n<h3>Th\u00f4ng tin li\u00ean h\u1ec7<\/h3>\n<p><span style=\"font-size: 90%;\"><strong>Tr\u1ee5 s\u1edf ch\u00ednh:<\/strong><\/span><\/p>\n<p><span style=\"font-size: 90%;\">99 C\u1ed9ng H\u00f2a, Ph\u01b0\u1eddng T\u00e2n S\u01a1n Nh\u1ea5t, Tp.HCM<\/span><\/p>\n<p><span style=\"font-size: 90%;\"><strong>V\u0103n ph\u00f2ng:<\/strong><\/span><\/p>\n<p><span style=\"font-size: 90%;\">38 C\u1ed9ng H\u00f2a, Ph\u01b0\u1eddng T\u00e2n S\u01a1n Nh\u1ea5t, Tp.HCM<\/span><\/p>\n<p><span style=\"font-size: 90%;\"><strong>\u0110i\u1ec7n tho\u1ea1i:<\/strong><\/span><\/p>\n<p>093 179 1122<\/p>\n<p><span style=\"font-size: 90%;\"><strong>\u0110\u1ecba ch\u1ec9 email:<\/strong><\/span><\/p>\n<p><span style=\"font-size: 90%;\">contact@sabay.vn<\/span><\/p>\n\t\t<\/div>\n\t\t\t\t\t<\/div>\n\n\t\n\n\t<div id=\"col-1723196609\" class=\"col medium-6 small-12 large-6\"  >\n\t\t\t\t<div class=\"col-inner\"  >\n\t\t\t\n\t\t\t\n<h3>\u0110\u1ec3 l\u1ea1i th\u00f4ng tin li\u00ean h\u1ec7<\/h3>\n<p><span style=\"font-size: 90%;\">Vui l\u00f2ng nh\u1eadp \u0111\u1ee7 th\u00f4ng tin li\u00ean h\u1ec7 c\u1ee7a b\u1ea1n, nh\u00e2n vi\u00ean c\u1ee7a TAS s\u1ebd li\u00ean h\u1ec7 s\u1edbm nh\u1ea5t \u0111\u1ec3 gi\u1ea3i \u0111\u00e1p v\u00e0 t\u01b0 v\u1ea5n cho b\u1ea1n.<\/span><\/p>\n\n<div class=\"wpcf7 no-js\" id=\"wpcf7-f681-o1\" lang=\"vi\" dir=\"ltr\" data-wpcf7-id=\"681\">\n<div class=\"screen-reader-response\"><p role=\"status\" aria-live=\"polite\" aria-atomic=\"true\"><\/p> <ul><\/ul><\/div>\n<form action=\"\/e-learning\/wp-json\/wp\/v2\/pages\/24#wpcf7-f681-o1\" method=\"post\" class=\"wpcf7-form init\" aria-label=\"Form li\u00ean h\u1ec7\" novalidate=\"novalidate\" data-status=\"init\">\n<fieldset class=\"hidden-fields-container\"><input type=\"hidden\" name=\"_wpcf7\" value=\"681\" \/><input type=\"hidden\" name=\"_wpcf7_version\" value=\"6.1.3\" \/><input type=\"hidden\" name=\"_wpcf7_locale\" value=\"vi\" \/><input type=\"hidden\" name=\"_wpcf7_unit_tag\" value=\"wpcf7-f681-o1\" \/><input type=\"hidden\" name=\"_wpcf7_container_post\" value=\"0\" \/><input type=\"hidden\" name=\"_wpcf7_posted_data_hash\" value=\"\" \/>\n<\/fieldset>\n<div class=\"form-lien-he\">\n\t<div class=\"row row-small\">\n\t\t<div class=\"col large-6\">\n\t\t\t<p><span class=\"wpcf7-form-control-wrap\" data-name=\"text-333\"><input size=\"40\" maxlength=\"400\" class=\"wpcf7-form-control wpcf7-text wpcf7-validates-as-required\" aria-required=\"true\" aria-invalid=\"false\" placeholder=\"H\u1ecd v\u00e0 t\u00ean\" value=\"\" type=\"text\" name=\"text-333\" \/><\/span><br \/>\n<span class=\"wpcf7-form-control-wrap\" data-name=\"email-517\"><input size=\"40\" maxlength=\"400\" class=\"wpcf7-form-control wpcf7-email wpcf7-text wpcf7-validates-as-email\" aria-invalid=\"false\" placeholder=\"\u0110\u1ecba ch\u1ec9 email\" value=\"\" type=\"email\" name=\"email-517\" \/><\/span>\n\t\t\t<\/p>\n\t\t<\/div>\n\t\t<div class=\"col large-6\">\n\t\t\t<p><span class=\"wpcf7-form-control-wrap\" data-name=\"tel-485\"><input size=\"40\" maxlength=\"400\" class=\"wpcf7-form-control wpcf7-tel wpcf7-validates-as-required wpcf7-text wpcf7-validates-as-tel\" aria-required=\"true\" aria-invalid=\"false\" placeholder=\"S\u1ed1 \u0111i\u1ec7n tho\u1ea1i\" value=\"\" type=\"tel\" name=\"tel-485\" \/><\/span><br \/>\n<span class=\"wpcf7-form-control-wrap\" data-name=\"text-334\"><input size=\"40\" maxlength=\"400\" class=\"wpcf7-form-control wpcf7-text\" aria-invalid=\"false\" placeholder=\"L\u0129nh v\u1ef1c ho\u1ea1t \u0111\u1ed9ng\" value=\"\" type=\"text\" name=\"text-334\" \/><\/span>\n\t\t\t<\/p>\n\t\t<\/div>\n\t\t<div class=\"col large-12\">\n\t\t\t<p><span class=\"wpcf7-form-control-wrap\" data-name=\"textarea-975\"><textarea cols=\"40\" rows=\"10\" maxlength=\"2000\" class=\"wpcf7-form-control wpcf7-textarea\" aria-invalid=\"false\" placeholder=\"N\u1ed9i dung\" name=\"textarea-975\"><\/textarea><\/span>\n\t\t\t<\/p>\n\t\t<\/div>\n\t<\/div>\n\t<p><input class=\"wpcf7-form-control wpcf7-submit has-spinner\" type=\"submit\" value=\"G\u1eedi th\u00f4ng tin\" \/>\n\t<\/p>\n<\/div><input type='hidden' class='wpcf7-pum' value='{\"closepopup\":false,\"closedelay\":0,\"openpopup\":false,\"openpopup_id\":0}' \/><div class=\"wpcf7-response-output\" aria-hidden=\"true\"><\/div>\n<\/form>\n<\/div>\n\n\t\t<\/div>\n\t\t\t\t\t<\/div>\n\n\t\n<\/div>\n\t\t<\/div>\n\n\t\t\n<style>\n#section_642962066 {\n  padding-top: 45px;\n  padding-bottom: 45px;\n}\n<\/style>\n\t<\/section>\n\t\n\n\t<section class=\"section lien-he-3\" id=\"section_2016324169\">\n\t\t<div class=\"section-bg fill\" >\n\t\t\t\t\t\t\t\t\t\n\t\t\t\n\n\t\t<\/div>\n\n\t\t\n\n\t\t<div class=\"section-content relative\">\n\t\t\t\n\n<p><iframe src=\"https:\/\/www.google.com\/maps\/embed?pb=!1m14!1m8!1m3!1d4648.867364555022!2d106.6545706!3d10.8011264!3m2!1i1024!2i768!4f13.1!3m3!1m2!1s0x317529bb2d2e8d5b%3A0x7a073448b5190c90!2zVsSDbiBQaMOybmcg4bqibyBUw6JuIELDrG5oIC0gU2FiYXkgT2ZmaWNl!5e1!3m2!1svi!2s!4v1762327619624!5m2!1svi!2s\" width=\"100%\" height=\"450\" style=\"border:0;\" allowfullscreen=\"\" loading=\"lazy\" referrerpolicy=\"no-referrer-when-downgrade\"><\/iframe><br \/>\n\n\t\t<\/div>\n\n\t\t\n<style>\n#section_2016324169 {\n  padding-top: 30px;\n  padding-bottom: 30px;\n}\n<\/style>\n\t<\/section>\n\t\n","protected":false},"excerpt":{"rendered":"","protected":false},"author":2,"featured_media":0,"parent":0,"menu_order":0,"comment_status":"closed","ping_status":"closed","template":"page-blank.php","meta":{"inline_featured_image":false,"footnotes":""},"class_list":["post-24","page","type-page","status-publish","hentry"],"_links":{"self":[{"href":"https:\/\/sabay.vn\/e-learning\/wp-json\/wp\/v2\/pages\/24","targetHints":{"allow":["GET"]}}],"collection":[{"href":"https:\/\/sabay.vn\/e-learning\/wp-json\/wp\/v2\/pages"}],"about":[{"href":"https:\/\/sabay.vn\/e-learning\/wp-json\/wp\/v2\/types\/page"}],"author":[{"embeddable":true,"href":"https:\/\/sabay.vn\/e-learning\/wp-json\/wp\/v2\/users\/2"}],"replies":[{"embeddable":true,"href":"https:\/\/sabay.vn\/e-learning\/wp-json\/wp\/v2\/comments?post=24"}],"version-history":[{"count":0,"href":"https:\/\/sabay.vn\/e-learning\/wp-json\/wp\/v2\/pages\/24\/revisions"}],"wp:attachment":[{"href":"https:\/\/sabay.vn\/e-learning\/wp-json\/wp\/v2\/media?parent=24"}],"curies":[{"name":"wp","href":"https:\/\/api.w.org\/{rel}","templated":true}]}}